{"id":3239,"date":"2022-10-06T21:16:57","date_gmt":"2022-10-06T20:16:57","guid":{"rendered":"https:\/\/nabytek-leitl.cz\/?page_id=3092"},"modified":"2022-10-06T21:16:57","modified_gmt":"2022-10-06T20:16:57","slug":"nastaveni-pouzivani-cookies","status":"publish","type":"page","link":"https:\/\/nabytek-leitl.cz\/?page_id=3239","title":{"rendered":"Nastaven\u00ed \u2013 Pou\u017e\u00edv\u00e1n\u00ed Cookies"},"content":{"rendered":"\n<p>Soubory cookie pou\u017e\u00edv\u00e1me ke shroma\u017e\u010fov\u00e1n\u00ed a anal\u00fdze informac\u00ed o v\u00fdkonu a pou\u017e\u00edv\u00e1n\u00ed eshopu, zaji\u0161t\u011bn\u00ed z\u00e1kladn\u00edch funkc\u00ed a ke zlep\u0161en\u00ed a p\u0159izp\u016fsoben\u00ed obsahu.<\/p>\n\n\n\n<p>V r\u00e1mci provozu eshopu Nabytek-Leitl.cz jsou pou\u017e\u00edv\u00e1ny soubory cookies ve smyslu ustanoven\u00ed \u00a7\u202f89 odst. 3) z\u00e1kona \u010d. 127\/2005 Sb., o elektronick\u00fdch komunikac\u00edch a o zm\u011bn\u011b n\u011bkter\u00fdch souvisej\u00edc\u00edch z\u00e1kon\u016f (d\u00e1le jen \u201ez\u00e1kon o elektronick\u00fdch komunikac\u00edch\u201c). Jedn\u00e1 se o mal\u00e9 datov\u00e9 soubory, kter\u00e9 internetov\u00e9 str\u00e1nky ukl\u00e1daj\u00ed na v\u00e1\u0161 po\u010d\u00edta\u010d nebo mobiln\u00ed za\u0159\u00edzen\u00ed v okam\u017eiku, kdy tyto str\u00e1nky za\u010dnete u\u017e\u00edvat.<\/p>\n\n\n\n<p>Jak eshop Nabytek-Leitl.cz vyu\u017e\u00edv\u00e1 soubory cookies<\/p>\n\n\n\n<p>Cookies na eshopu Nabytek-Leitl.cz &nbsp;pou\u017e\u00edv\u00e1me k zaji\u0161t\u011bn\u00ed chodu eshopu, jeho zabezpe\u010den\u00ed a k vyhodnocov\u00e1n\u00ed anonymizovan\u00fdch statistik provozu.<\/p>\n\n\n\n<p>Nabytek-Leitl.cz nepou\u017e\u00edv\u00e1 soubory cookies pro reklamn\u00ed kampan\u011b.<\/p>\n\n\n\n<p>Pou\u017e\u00edv\u00e1n\u00ed cookies na eshopu Nabytek-Leitl.cz je v\u202f souladu s pr\u00e1vn\u00edm \u0159\u00e1dem \u010cesk\u00e9 republiky, zejm\u00e9na se z\u00e1konem o elektronick\u00fdch komunikac\u00edch, na\u0159\u00edzen\u00edm Evropsk\u00e9ho parlamentu a Rady (EU) 2016\/679 ze dne 27. dubna 2016 o ochran\u011b fyzick\u00fdch osob v souvislosti se zpracov\u00e1n\u00edm osobn\u00edch \u00fadaj\u016f a o voln\u00e9m pohybu t\u011bchto \u00fadaj\u016f a o zru\u0161en\u00ed sm\u011brnice 95\/46\/ES (obecn\u00e9 na\u0159\u00edzen\u00ed o ochran\u011b osobn\u00edch \u00fadaj\u016f) a z\u00e1konem \u010d. 110\/2019 Sb., o zpracov\u00e1n\u00ed osobn\u00edch \u00fadaj\u016f.<\/p>\n\n\n\n<p>Ukl\u00e1d\u00e1n\u00ed cookies m\u016f\u017eete rovn\u011b\u017e nastavit pomoc\u00ed va\u0161eho internetov\u00e9ho prohl\u00ed\u017ee\u010de. V\u011bt\u0161ina prohl\u00ed\u017ee\u010d\u016f soubory cookies automaticky p\u0159ij\u00edm\u00e1 ji\u017e ve v\u00fdchoz\u00edm nastaven\u00ed.<\/p>\n\n\n\n<p>Krom\u011b trval\u00e9 deaktivace ukl\u00e1d\u00e1n\u00ed cookies je mo\u017en\u00e9 tyto soubory manu\u00e1ln\u011b smazat z po\u010d\u00edta\u010de (obvykle pomoc\u00ed kl\u00e1vesov\u00e9 zkratky: CTRL + SHIFT + Delete) po ka\u017ed\u00e9 n\u00e1v\u0161t\u011bv\u011b webov\u00e9 str\u00e1nky.<\/p>\n\n\n\n<p>Jednotliv\u00e9 souhlasy Cookies<\/p>\n\n\n\n<p>Technick\u00e9 cookies (funk\u010dn\u00ed \u2013 V\u017edy aktivn\u00ed)<\/p>\n\n\n\n<p>N\u011bkter\u00e9 soubory cookies jsou vy\u017eadov\u00e1ny, aby byla zaji\u0161t\u011bna funk\u010dnost eshopu. Bez t\u011bchto cookies nebude eshop fungovat spr\u00e1vn\u011b. Ve v\u00fdchoz\u00edm nastaven\u00ed jsou povoleny a nelze je zak\u00e1zat.<\/p>\n\n\n\n<p>Statistick\u00e9 cookies<\/p>\n\n\n\n<p>Statistick\u00e9 cookies n\u00e1m umo\u017e\u0148uj\u00ed sb\u00edrat data o n\u00e1v\u0161t\u011bvnosti webov\u00fdch str\u00e1nek za \u00fa\u010delem zlep\u0161en\u00ed poskytovan\u00fdch slu\u017eeb.<\/p>\n\n\n\n<p>Preferen\u010dn\u00ed cookies<\/p>\n\n\n\n<p>Pomoc\u00ed preferen\u010dn\u00edch cookies jsme schopni v\u00e1m poskytnout personalizovan\u00fd obsah na z\u00e1klad\u011b va\u0161eho proch\u00e1zen\u00ed \u010di nastaven\u00ed eshopu.<\/p>\n\n\n\n<p>Marketingov\u00e9 cookies<\/p>\n\n\n\n<p>Marketingov\u00e9 cookies umo\u017e\u0148uj\u00ed sledov\u00e1n\u00ed u\u017eivatel\u016f nap\u0159\u00ed\u010d webov\u00fdmi str\u00e1nkami. Na z\u00e1klad\u011b t\u011bchto cookies je mo\u017en\u00e9 u\u017eivateli nab\u00eddnou relevantn\u00ed reklamy.<\/p>\n\n\n\n<a href=\"#\" class=\"cn-revoke-cookie cn-button-inline cn-revoke-inline button\" title=\"Odvolat souhlas\">Odvolat souhlas<\/a>\n","protected":false},"excerpt":{"rendered":"<p>Soubory cookie pou\u017e\u00edv\u00e1me ke shroma\u017e\u010fov\u00e1n\u00ed a anal\u00fdze informac\u00ed o v\u00fdkonu a pou\u017e\u00edv\u00e1n\u00ed eshopu, zaji\u0161t\u011bn\u00ed z\u00e1kladn\u00edch funkc\u00ed a ke zlep\u0161en\u00ed a [&hellip;]<\/p>\n","protected":false},"author":1,"featured_media":0,"parent":0,"menu_order":0,"comment_status":"closed","ping_status":"closed","template":"","meta":{"site-sidebar-layout":"default","site-content-layout":"","ast-site-content-layout":"","site-content-style":"default","site-sidebar-style":"default","ast-global-header-display":"","ast-banner-title-visibility":"","ast-main-header-display":"","ast-hfb-above-header-display":"","ast-hfb-below-header-display":"","ast-hfb-mobile-header-display":"","site-post-title":"","ast-breadcrumbs-content":"","ast-featured-img":"","footer-sml-layout":"","theme-transparent-header-meta":"","adv-header-id-meta":"","stick-header-meta":"","header-above-stick-meta":"","header-main-stick-meta":"","header-below-stick-meta":"","astra-migrate-meta-layouts":"default","ast-page-background-enabled":"default","ast-page-background-meta":{"desktop":{"background-color":"var(--ast-global-color-4)","background-image":"","background-repeat":"repeat","background-position":"center center","background-size":"auto","background-attachment":"scroll","background-type":"","background-media":"","overlay-type":"","overlay-color":"","overlay-gradient":""},"tablet":{"background-color":"","background-image":"","background-repeat":"repeat","background-position":"center center","background-size":"auto","background-attachment":"scroll","background-type":"","background-media":"","overlay-type":"","overlay-color":"","overlay-gradient":""},"mobile":{"background-color":"","background-image":"","background-repeat":"repeat","background-position":"center center","background-size":"auto","background-attachment":"scroll","background-type":"","background-media":"","overlay-type":"","overlay-color":"","overlay-gradient":""}},"ast-content-background-meta":{"desktop":{"background-color":"var(--ast-global-color-5)","background-image":"","background-repeat":"repeat","background-position":"center center","background-size":"auto","background-attachment":"scroll","background-type":"","background-media":"","overlay-type":"","overlay-color":"","overlay-gradient":""},"tablet":{"background-color":"var(--ast-global-color-5)","background-image":"","background-repeat":"repeat","background-position":"center center","background-size":"auto","background-attachment":"scroll","background-type":"","background-media":"","overlay-type":"","overlay-color":"","overlay-gradient":""},"mobile":{"background-color":"var(--ast-global-color-5)","background-image":"","background-repeat":"repeat","background-position":"center center","background-size":"auto","background-attachment":"scroll","background-type":"","background-media":"","overlay-type":"","overlay-color":"","overlay-gradient":""}},"ngg_post_thumbnail":0,"footnotes":""},"class_list":["post-3239","page","type-page","status-publish","hentry"],"aioseo_notices":[],"_links":{"self":[{"href":"https:\/\/nabytek-leitl.cz\/index.php?rest_route=\/wp\/v2\/pages\/3239","targetHints":{"allow":["GET"]}}],"collection":[{"href":"https:\/\/nabytek-leitl.cz\/index.php?rest_route=\/wp\/v2\/pages"}],"about":[{"href":"https:\/\/nabytek-leitl.cz\/index.php?rest_route=\/wp\/v2\/types\/page"}],"author":[{"embeddable":true,"href":"https:\/\/nabytek-leitl.cz\/index.php?rest_route=\/wp\/v2\/users\/1"}],"replies":[{"embeddable":true,"href":"https:\/\/nabytek-leitl.cz\/index.php?rest_route=%2Fwp%2Fv2%2Fcomments&post=3239"}],"version-history":[{"count":0,"href":"https:\/\/nabytek-leitl.cz\/index.php?rest_route=\/wp\/v2\/pages\/3239\/revisions"}],"wp:attachment":[{"href":"https:\/\/nabytek-leitl.cz\/index.php?rest_route=%2Fwp%2Fv2%2Fmedia&parent=3239"}],"curies":[{"name":"wp","href":"https:\/\/api.w.org\/{rel}","templated":true}]}}