{"id":3841,"date":"2024-06-07T13:16:32","date_gmt":"2024-06-07T11:16:32","guid":{"rendered":"https:\/\/nabytek-leitl.cz\/?page_id=3841"},"modified":"2024-06-07T13:16:34","modified_gmt":"2024-06-07T11:16:34","slug":"nase-prace","status":"publish","type":"page","link":"https:\/\/nabytek-leitl.cz\/?page_id=3841","title":{"rendered":"Na\u0161e pr\u00e1ce"},"content":{"rendered":"\n<h2 class=\"wp-block-heading\">Na\u0161e pr\u00e1ce<\/h2>\n\n\n\n<p>Uk\u00e1zky na\u0161\u00ed pr\u00e1ce pro pro z\u00e1kazn\u00edky v r\u016fzn\u00e9m rozsahu.<\/p>\n\n\n\n<!-- index.php -->\n<div\n\tclass=\"ngg-galleryoverview\n\t ngg-ajax-pagination-none\t\"\n\tid=\"ngg-gallery-16032ba3b0d0e66822a300200d164e67-1\">\n\n\t\t\t<!-- Thumbnails -->\n\t\t\t\t<div id=\"ngg-image-0\" class=\"ngg-gallery-thumbnail-box\" \n\t\t\t\t\t\t\t\t\t\t\t>\n\t\t\t\t\t\t<div class=\"ngg-gallery-thumbnail\">\n\t\t\t<a href=\"https:\/\/nabytek-leitl.cz\/wp-content\/gallery\/nase-prace\/02-nase-prace.jpg\"\n\t\t\t\ttitle=\"\"\n\t\t\t\tdata-src=\"https:\/\/nabytek-leitl.cz\/wp-content\/gallery\/nase-prace\/02-nase-prace.jpg\"\n\t\t\t\tdata-thumbnail=\"https:\/\/nabytek-leitl.cz\/wp-content\/gallery\/nase-prace\/thumbs\/thumbs-02-nase-prace.jpg\"\n\t\t\t\tdata-image-id=\"131\"\n\t\t\t\tdata-title=\"02-nase-prace\"\n\t\t\t\tdata-description=\"\"\n\t\t\t\tdata-image-slug=\"02-nase-prace\"\n\t\t\t\tclass=\"ngg-simplelightbox\" rel=\"16032ba3b0d0e66822a300200d164e67\">\n\t\t\t\t<img\n\t\t\t\t\ttitle=\"02-nase-prace\"\n\t\t\t\t\talt=\"02-nase-prace\"\n\t\t\t\t\tsrc=\"https:\/\/nabytek-leitl.cz\/wp-content\/gallery\/nase-prace\/cache\/02-nase-prace.jpg-nggid03131-ngg0dyn-340x260x100-00f0w010c010r110f110r010t010.jpg\"\n\t\t\t\t\twidth=\"195\"\n\t\t\t\t\theight=\"260\"\n\t\t\t\t\tstyle=\"max-width:100%;\"\n\t\t\t\t\/>\n\t\t\t<\/a>\n\t\t<\/div>\n\t\t\t\t\t\t\t<\/div> \n\t\t\t\n\t\t\t\t\t\t\t\n\t\t\t\t<div id=\"ngg-image-1\" class=\"ngg-gallery-thumbnail-box\" \n\t\t\t\t\t\t\t\t\t\t\t>\n\t\t\t\t\t\t<div class=\"ngg-gallery-thumbnail\">\n\t\t\t<a href=\"https:\/\/nabytek-leitl.cz\/wp-content\/gallery\/nase-prace\/04-nase-prace.jpg\"\n\t\t\t\ttitle=\"\"\n\t\t\t\tdata-src=\"https:\/\/nabytek-leitl.cz\/wp-content\/gallery\/nase-prace\/04-nase-prace.jpg\"\n\t\t\t\tdata-thumbnail=\"https:\/\/nabytek-leitl.cz\/wp-content\/gallery\/nase-prace\/thumbs\/thumbs-04-nase-prace.jpg\"\n\t\t\t\tdata-image-id=\"132\"\n\t\t\t\tdata-title=\"04-nase-prace\"\n\t\t\t\tdata-description=\"\"\n\t\t\t\tdata-image-slug=\"04-nase-prace\"\n\t\t\t\tclass=\"ngg-simplelightbox\" rel=\"16032ba3b0d0e66822a300200d164e67\">\n\t\t\t\t<img\n\t\t\t\t\ttitle=\"04-nase-prace\"\n\t\t\t\t\talt=\"04-nase-prace\"\n\t\t\t\t\tsrc=\"https:\/\/nabytek-leitl.cz\/wp-content\/gallery\/nase-prace\/cache\/04-nase-prace.jpg-nggid03132-ngg0dyn-340x260x100-00f0w010c010r110f110r010t010.jpg\"\n\t\t\t\t\twidth=\"195\"\n\t\t\t\t\theight=\"260\"\n\t\t\t\t\tstyle=\"max-width:100%;\"\n\t\t\t\t\/>\n\t\t\t<\/a>\n\t\t<\/div>\n\t\t\t\t\t\t\t<\/div> \n\t\t\t\n\t\t\t\t\t\t\t\n\t\t\t\t<div id=\"ngg-image-2\" class=\"ngg-gallery-thumbnail-box\" \n\t\t\t\t\t\t\t\t\t\t\t>\n\t\t\t\t\t\t<div class=\"ngg-gallery-thumbnail\">\n\t\t\t<a href=\"https:\/\/nabytek-leitl.cz\/wp-content\/gallery\/nase-prace\/12-nase-prace.jpg\"\n\t\t\t\ttitle=\"\"\n\t\t\t\tdata-src=\"https:\/\/nabytek-leitl.cz\/wp-content\/gallery\/nase-prace\/12-nase-prace.jpg\"\n\t\t\t\tdata-thumbnail=\"https:\/\/nabytek-leitl.cz\/wp-content\/gallery\/nase-prace\/thumbs\/thumbs-12-nase-prace.jpg\"\n\t\t\t\tdata-image-id=\"133\"\n\t\t\t\tdata-title=\"12-nase-prace\"\n\t\t\t\tdata-description=\"\"\n\t\t\t\tdata-image-slug=\"12-nase-prace\"\n\t\t\t\tclass=\"ngg-simplelightbox\" rel=\"16032ba3b0d0e66822a300200d164e67\">\n\t\t\t\t<img\n\t\t\t\t\ttitle=\"12-nase-prace\"\n\t\t\t\t\talt=\"12-nase-prace\"\n\t\t\t\t\tsrc=\"https:\/\/nabytek-leitl.cz\/wp-content\/gallery\/nase-prace\/cache\/12-nase-prace.jpg-nggid03133-ngg0dyn-340x260x100-00f0w010c010r110f110r010t010.jpg\"\n\t\t\t\t\twidth=\"195\"\n\t\t\t\t\theight=\"260\"\n\t\t\t\t\tstyle=\"max-width:100%;\"\n\t\t\t\t\/>\n\t\t\t<\/a>\n\t\t<\/div>\n\t\t\t\t\t\t\t<\/div> \n\t\t\t\n\t\t\t\t\t\t\t\t\t<br style=\"clear: both\" \/>\n\t\t\t\t\t\n\t\t\t\t<div id=\"ngg-image-3\" class=\"ngg-gallery-thumbnail-box\" \n\t\t\t\t\t\t\t\t\t\t\t>\n\t\t\t\t\t\t<div class=\"ngg-gallery-thumbnail\">\n\t\t\t<a href=\"https:\/\/nabytek-leitl.cz\/wp-content\/gallery\/nase-prace\/03-nase-prace.jpg\"\n\t\t\t\ttitle=\"\"\n\t\t\t\tdata-src=\"https:\/\/nabytek-leitl.cz\/wp-content\/gallery\/nase-prace\/03-nase-prace.jpg\"\n\t\t\t\tdata-thumbnail=\"https:\/\/nabytek-leitl.cz\/wp-content\/gallery\/nase-prace\/thumbs\/thumbs-03-nase-prace.jpg\"\n\t\t\t\tdata-image-id=\"134\"\n\t\t\t\tdata-title=\"03-nase-prace\"\n\t\t\t\tdata-description=\"\"\n\t\t\t\tdata-image-slug=\"03-nase-prace\"\n\t\t\t\tclass=\"ngg-simplelightbox\" rel=\"16032ba3b0d0e66822a300200d164e67\">\n\t\t\t\t<img\n\t\t\t\t\ttitle=\"03-nase-prace\"\n\t\t\t\t\talt=\"03-nase-prace\"\n\t\t\t\t\tsrc=\"https:\/\/nabytek-leitl.cz\/wp-content\/gallery\/nase-prace\/cache\/03-nase-prace.jpg-nggid03134-ngg0dyn-340x260x100-00f0w010c010r110f110r010t010.jpg\"\n\t\t\t\t\twidth=\"195\"\n\t\t\t\t\theight=\"260\"\n\t\t\t\t\tstyle=\"max-width:100%;\"\n\t\t\t\t\/>\n\t\t\t<\/a>\n\t\t<\/div>\n\t\t\t\t\t\t\t<\/div> \n\t\t\t\n\t\t\t\t\t\t\t\n\t\t\t\t<div id=\"ngg-image-4\" class=\"ngg-gallery-thumbnail-box\" \n\t\t\t\t\t\t\t\t\t\t\t>\n\t\t\t\t\t\t<div class=\"ngg-gallery-thumbnail\">\n\t\t\t<a href=\"https:\/\/nabytek-leitl.cz\/wp-content\/gallery\/nase-prace\/05-nase-prace.jpg\"\n\t\t\t\ttitle=\"\"\n\t\t\t\tdata-src=\"https:\/\/nabytek-leitl.cz\/wp-content\/gallery\/nase-prace\/05-nase-prace.jpg\"\n\t\t\t\tdata-thumbnail=\"https:\/\/nabytek-leitl.cz\/wp-content\/gallery\/nase-prace\/thumbs\/thumbs-05-nase-prace.jpg\"\n\t\t\t\tdata-image-id=\"135\"\n\t\t\t\tdata-title=\"05-nase-prace\"\n\t\t\t\tdata-description=\"\"\n\t\t\t\tdata-image-slug=\"05-nase-prace\"\n\t\t\t\tclass=\"ngg-simplelightbox\" rel=\"16032ba3b0d0e66822a300200d164e67\">\n\t\t\t\t<img\n\t\t\t\t\ttitle=\"05-nase-prace\"\n\t\t\t\t\talt=\"05-nase-prace\"\n\t\t\t\t\tsrc=\"https:\/\/nabytek-leitl.cz\/wp-content\/gallery\/nase-prace\/cache\/05-nase-prace.jpg-nggid03135-ngg0dyn-340x260x100-00f0w010c010r110f110r010t010.jpg\"\n\t\t\t\t\twidth=\"340\"\n\t\t\t\t\theight=\"255\"\n\t\t\t\t\tstyle=\"max-width:100%;\"\n\t\t\t\t\/>\n\t\t\t<\/a>\n\t\t<\/div>\n\t\t\t\t\t\t\t<\/div> \n\t\t\t\n\t\t\t\t\t\t\t\n\t\t\t\t<div id=\"ngg-image-5\" class=\"ngg-gallery-thumbnail-box\" \n\t\t\t\t\t\t\t\t\t\t\t>\n\t\t\t\t\t\t<div class=\"ngg-gallery-thumbnail\">\n\t\t\t<a href=\"https:\/\/nabytek-leitl.cz\/wp-content\/gallery\/nase-prace\/01-nase-prace.jpg\"\n\t\t\t\ttitle=\"\"\n\t\t\t\tdata-src=\"https:\/\/nabytek-leitl.cz\/wp-content\/gallery\/nase-prace\/01-nase-prace.jpg\"\n\t\t\t\tdata-thumbnail=\"https:\/\/nabytek-leitl.cz\/wp-content\/gallery\/nase-prace\/thumbs\/thumbs-01-nase-prace.jpg\"\n\t\t\t\tdata-image-id=\"136\"\n\t\t\t\tdata-title=\"01-nase-prace\"\n\t\t\t\tdata-description=\"\"\n\t\t\t\tdata-image-slug=\"01-nase-prace\"\n\t\t\t\tclass=\"ngg-simplelightbox\" rel=\"16032ba3b0d0e66822a300200d164e67\">\n\t\t\t\t<img\n\t\t\t\t\ttitle=\"01-nase-prace\"\n\t\t\t\t\talt=\"01-nase-prace\"\n\t\t\t\t\tsrc=\"https:\/\/nabytek-leitl.cz\/wp-content\/gallery\/nase-prace\/cache\/01-nase-prace.jpg-nggid03136-ngg0dyn-340x260x100-00f0w010c010r110f110r010t010.jpg\"\n\t\t\t\t\twidth=\"195\"\n\t\t\t\t\theight=\"260\"\n\t\t\t\t\tstyle=\"max-width:100%;\"\n\t\t\t\t\/>\n\t\t\t<\/a>\n\t\t<\/div>\n\t\t\t\t\t\t\t<\/div> \n\t\t\t\n\t\t\t\t\t\t\t\t\t<br style=\"clear: both\" \/>\n\t\t\t\t\t\n\t\t\t\t<div id=\"ngg-image-6\" class=\"ngg-gallery-thumbnail-box\" \n\t\t\t\t\t\t\t\t\t\t\t>\n\t\t\t\t\t\t<div class=\"ngg-gallery-thumbnail\">\n\t\t\t<a href=\"https:\/\/nabytek-leitl.cz\/wp-content\/gallery\/nase-prace\/07-nase-prace.jpg\"\n\t\t\t\ttitle=\"\"\n\t\t\t\tdata-src=\"https:\/\/nabytek-leitl.cz\/wp-content\/gallery\/nase-prace\/07-nase-prace.jpg\"\n\t\t\t\tdata-thumbnail=\"https:\/\/nabytek-leitl.cz\/wp-content\/gallery\/nase-prace\/thumbs\/thumbs-07-nase-prace.jpg\"\n\t\t\t\tdata-image-id=\"137\"\n\t\t\t\tdata-title=\"07-nase-prace\"\n\t\t\t\tdata-description=\"\"\n\t\t\t\tdata-image-slug=\"07-nase-prace\"\n\t\t\t\tclass=\"ngg-simplelightbox\" rel=\"16032ba3b0d0e66822a300200d164e67\">\n\t\t\t\t<img\n\t\t\t\t\ttitle=\"07-nase-prace\"\n\t\t\t\t\talt=\"07-nase-prace\"\n\t\t\t\t\tsrc=\"https:\/\/nabytek-leitl.cz\/wp-content\/gallery\/nase-prace\/cache\/07-nase-prace.jpg-nggid03137-ngg0dyn-340x260x100-00f0w010c010r110f110r010t010.jpg\"\n\t\t\t\t\twidth=\"195\"\n\t\t\t\t\theight=\"260\"\n\t\t\t\t\tstyle=\"max-width:100%;\"\n\t\t\t\t\/>\n\t\t\t<\/a>\n\t\t<\/div>\n\t\t\t\t\t\t\t<\/div> \n\t\t\t\n\t\t\t\t\t\t\t\n\t\t\t\t<div id=\"ngg-image-7\" class=\"ngg-gallery-thumbnail-box\" \n\t\t\t\t\t\t\t\t\t\t\t>\n\t\t\t\t\t\t<div class=\"ngg-gallery-thumbnail\">\n\t\t\t<a href=\"https:\/\/nabytek-leitl.cz\/wp-content\/gallery\/nase-prace\/06-nase-prace.jpg\"\n\t\t\t\ttitle=\"\"\n\t\t\t\tdata-src=\"https:\/\/nabytek-leitl.cz\/wp-content\/gallery\/nase-prace\/06-nase-prace.jpg\"\n\t\t\t\tdata-thumbnail=\"https:\/\/nabytek-leitl.cz\/wp-content\/gallery\/nase-prace\/thumbs\/thumbs-06-nase-prace.jpg\"\n\t\t\t\tdata-image-id=\"138\"\n\t\t\t\tdata-title=\"06-nase-prace\"\n\t\t\t\tdata-description=\"\"\n\t\t\t\tdata-image-slug=\"06-nase-prace\"\n\t\t\t\tclass=\"ngg-simplelightbox\" rel=\"16032ba3b0d0e66822a300200d164e67\">\n\t\t\t\t<img\n\t\t\t\t\ttitle=\"06-nase-prace\"\n\t\t\t\t\talt=\"06-nase-prace\"\n\t\t\t\t\tsrc=\"https:\/\/nabytek-leitl.cz\/wp-content\/gallery\/nase-prace\/cache\/06-nase-prace.jpg-nggid03138-ngg0dyn-340x260x100-00f0w010c010r110f110r010t010.jpg\"\n\t\t\t\t\twidth=\"340\"\n\t\t\t\t\theight=\"255\"\n\t\t\t\t\tstyle=\"max-width:100%;\"\n\t\t\t\t\/>\n\t\t\t<\/a>\n\t\t<\/div>\n\t\t\t\t\t\t\t<\/div> \n\t\t\t\n\t\t\t\t\t\t\t\n\t\t\t\t<div id=\"ngg-image-8\" class=\"ngg-gallery-thumbnail-box\" \n\t\t\t\t\t\t\t\t\t\t\t>\n\t\t\t\t\t\t<div class=\"ngg-gallery-thumbnail\">\n\t\t\t<a href=\"https:\/\/nabytek-leitl.cz\/wp-content\/gallery\/nase-prace\/10-nase-prace.jpg\"\n\t\t\t\ttitle=\"\"\n\t\t\t\tdata-src=\"https:\/\/nabytek-leitl.cz\/wp-content\/gallery\/nase-prace\/10-nase-prace.jpg\"\n\t\t\t\tdata-thumbnail=\"https:\/\/nabytek-leitl.cz\/wp-content\/gallery\/nase-prace\/thumbs\/thumbs-10-nase-prace.jpg\"\n\t\t\t\tdata-image-id=\"139\"\n\t\t\t\tdata-title=\"10-nase-prace\"\n\t\t\t\tdata-description=\"\"\n\t\t\t\tdata-image-slug=\"10-nase-prace\"\n\t\t\t\tclass=\"ngg-simplelightbox\" rel=\"16032ba3b0d0e66822a300200d164e67\">\n\t\t\t\t<img\n\t\t\t\t\ttitle=\"10-nase-prace\"\n\t\t\t\t\talt=\"10-nase-prace\"\n\t\t\t\t\tsrc=\"https:\/\/nabytek-leitl.cz\/wp-content\/gallery\/nase-prace\/cache\/10-nase-prace.jpg-nggid03139-ngg0dyn-340x260x100-00f0w010c010r110f110r010t010.jpg\"\n\t\t\t\t\twidth=\"195\"\n\t\t\t\t\theight=\"260\"\n\t\t\t\t\tstyle=\"max-width:100%;\"\n\t\t\t\t\/>\n\t\t\t<\/a>\n\t\t<\/div>\n\t\t\t\t\t\t\t<\/div> \n\t\t\t\n\t\t\t\t\t\t\t\t\t<br style=\"clear: both\" \/>\n\t\t\t\t\t\n\t\t\t\t<div id=\"ngg-image-9\" class=\"ngg-gallery-thumbnail-box\" \n\t\t\t\t\t\t\t\t\t\t\t>\n\t\t\t\t\t\t<div class=\"ngg-gallery-thumbnail\">\n\t\t\t<a href=\"https:\/\/nabytek-leitl.cz\/wp-content\/gallery\/nase-prace\/09-nase-prace.jpg\"\n\t\t\t\ttitle=\"\"\n\t\t\t\tdata-src=\"https:\/\/nabytek-leitl.cz\/wp-content\/gallery\/nase-prace\/09-nase-prace.jpg\"\n\t\t\t\tdata-thumbnail=\"https:\/\/nabytek-leitl.cz\/wp-content\/gallery\/nase-prace\/thumbs\/thumbs-09-nase-prace.jpg\"\n\t\t\t\tdata-image-id=\"140\"\n\t\t\t\tdata-title=\"09-nase-prace\"\n\t\t\t\tdata-description=\"\"\n\t\t\t\tdata-image-slug=\"09-nase-prace\"\n\t\t\t\tclass=\"ngg-simplelightbox\" rel=\"16032ba3b0d0e66822a300200d164e67\">\n\t\t\t\t<img\n\t\t\t\t\ttitle=\"09-nase-prace\"\n\t\t\t\t\talt=\"09-nase-prace\"\n\t\t\t\t\tsrc=\"https:\/\/nabytek-leitl.cz\/wp-content\/gallery\/nase-prace\/cache\/09-nase-prace.jpg-nggid03140-ngg0dyn-340x260x100-00f0w010c010r110f110r010t010.jpg\"\n\t\t\t\t\twidth=\"340\"\n\t\t\t\t\theight=\"255\"\n\t\t\t\t\tstyle=\"max-width:100%;\"\n\t\t\t\t\/>\n\t\t\t<\/a>\n\t\t<\/div>\n\t\t\t\t\t\t\t<\/div> \n\t\t\t\n\t\t\t\t\t\t\t\n\t\t\t\t<div id=\"ngg-image-10\" class=\"ngg-gallery-thumbnail-box\" \n\t\t\t\t\t\t\t\t\t\t\t>\n\t\t\t\t\t\t<div class=\"ngg-gallery-thumbnail\">\n\t\t\t<a href=\"https:\/\/nabytek-leitl.cz\/wp-content\/gallery\/nase-prace\/08-nase-prace.jpg\"\n\t\t\t\ttitle=\"\"\n\t\t\t\tdata-src=\"https:\/\/nabytek-leitl.cz\/wp-content\/gallery\/nase-prace\/08-nase-prace.jpg\"\n\t\t\t\tdata-thumbnail=\"https:\/\/nabytek-leitl.cz\/wp-content\/gallery\/nase-prace\/thumbs\/thumbs-08-nase-prace.jpg\"\n\t\t\t\tdata-image-id=\"141\"\n\t\t\t\tdata-title=\"08-nase-prace\"\n\t\t\t\tdata-description=\"\"\n\t\t\t\tdata-image-slug=\"08-nase-prace\"\n\t\t\t\tclass=\"ngg-simplelightbox\" rel=\"16032ba3b0d0e66822a300200d164e67\">\n\t\t\t\t<img\n\t\t\t\t\ttitle=\"08-nase-prace\"\n\t\t\t\t\talt=\"08-nase-prace\"\n\t\t\t\t\tsrc=\"https:\/\/nabytek-leitl.cz\/wp-content\/gallery\/nase-prace\/cache\/08-nase-prace.jpg-nggid03141-ngg0dyn-340x260x100-00f0w010c010r110f110r010t010.jpg\"\n\t\t\t\t\twidth=\"340\"\n\t\t\t\t\theight=\"255\"\n\t\t\t\t\tstyle=\"max-width:100%;\"\n\t\t\t\t\/>\n\t\t\t<\/a>\n\t\t<\/div>\n\t\t\t\t\t\t\t<\/div> \n\t\t\t\n\t\t\t\t\t\t\t\n\t\t\t\t<div id=\"ngg-image-11\" class=\"ngg-gallery-thumbnail-box\" \n\t\t\t\t\t\t\t\t\t\t\t>\n\t\t\t\t\t\t<div class=\"ngg-gallery-thumbnail\">\n\t\t\t<a href=\"https:\/\/nabytek-leitl.cz\/wp-content\/gallery\/nase-prace\/11-nase-prace.jpg\"\n\t\t\t\ttitle=\"\"\n\t\t\t\tdata-src=\"https:\/\/nabytek-leitl.cz\/wp-content\/gallery\/nase-prace\/11-nase-prace.jpg\"\n\t\t\t\tdata-thumbnail=\"https:\/\/nabytek-leitl.cz\/wp-content\/gallery\/nase-prace\/thumbs\/thumbs-11-nase-prace.jpg\"\n\t\t\t\tdata-image-id=\"142\"\n\t\t\t\tdata-title=\"11-nase-prace\"\n\t\t\t\tdata-description=\"\"\n\t\t\t\tdata-image-slug=\"11-nase-prace\"\n\t\t\t\tclass=\"ngg-simplelightbox\" rel=\"16032ba3b0d0e66822a300200d164e67\">\n\t\t\t\t<img\n\t\t\t\t\ttitle=\"11-nase-prace\"\n\t\t\t\t\talt=\"11-nase-prace\"\n\t\t\t\t\tsrc=\"https:\/\/nabytek-leitl.cz\/wp-content\/gallery\/nase-prace\/cache\/11-nase-prace.jpg-nggid03142-ngg0dyn-340x260x100-00f0w010c010r110f110r010t010.jpg\"\n\t\t\t\t\twidth=\"340\"\n\t\t\t\t\theight=\"255\"\n\t\t\t\t\tstyle=\"max-width:100%;\"\n\t\t\t\t\/>\n\t\t\t<\/a>\n\t\t<\/div>\n\t\t\t\t\t\t\t<\/div> \n\t\t\t\n\t\t\t\t\t\t\t\t\t<br style=\"clear: both\" \/>\n\t\t\t\t\t\n\t\t\n\t\t<!-- Pagination -->\n\t\t<div class='ngg-clear'><\/div>\t<\/div>\n\n","protected":false},"excerpt":{"rendered":"<p>Na\u0161e pr\u00e1ce Uk\u00e1zky na\u0161\u00ed pr\u00e1ce pro pro z\u00e1kazn\u00edky v r\u016fzn\u00e9m rozsahu.<\/p>\n","protected":false},"author":1,"featured_media":0,"parent":0,"menu_order":0,"comment_status":"closed","ping_status":"closed","template":"","meta":{"site-sidebar-layout":"default","site-content-layout":"","ast-site-content-layout":"","site-content-style":"default","site-sidebar-style":"default","ast-global-header-display":"","ast-banner-title-visibility":"","ast-main-header-display":"","ast-hfb-above-header-display":"","ast-hfb-below-header-display":"","ast-hfb-mobile-header-display":"","site-post-title":"","ast-breadcrumbs-content":"","ast-featured-img":"","footer-sml-layout":"","theme-transparent-header-meta":"","adv-header-id-meta":"","stick-header-meta":"","header-above-stick-meta":"","header-main-stick-meta":"","header-below-stick-meta":"","astra-migrate-meta-layouts":"default","ast-page-background-enabled":"default","ast-page-background-meta":{"desktop":{"background-color":"var(--ast-global-color-4)","background-image":"","background-repeat":"repeat","background-position":"center center","background-size":"auto","background-attachment":"scroll","background-type":"","background-media":"","overlay-type":"","overlay-color":"","overlay-gradient":""},"tablet":{"background-color":"","background-image":"","background-repeat":"repeat","background-position":"center center","background-size":"auto","background-attachment":"scroll","background-type":"","background-media":"","overlay-type":"","overlay-color":"","overlay-gradient":""},"mobile":{"background-color":"","background-image":"","background-repeat":"repeat","background-position":"center center","background-size":"auto","background-attachment":"scroll","background-type":"","background-media":"","overlay-type":"","overlay-color":"","overlay-gradient":""}},"ast-content-background-meta":{"desktop":{"background-color":"var(--ast-global-color-5)","background-image":"","background-repeat":"repeat","background-position":"center center","background-size":"auto","background-attachment":"scroll","background-type":"","background-media":"","overlay-type":"","overlay-color":"","overlay-gradient":""},"tablet":{"background-color":"var(--ast-global-color-5)","background-image":"","background-repeat":"repeat","background-position":"center center","background-size":"auto","background-attachment":"scroll","background-type":"","background-media":"","overlay-type":"","overlay-color":"","overlay-gradient":""},"mobile":{"background-color":"var(--ast-global-color-5)","background-image":"","background-repeat":"repeat","background-position":"center center","background-size":"auto","background-attachment":"scroll","background-type":"","background-media":"","overlay-type":"","overlay-color":"","overlay-gradient":""}},"ngg_post_thumbnail":0,"footnotes":""},"class_list":["post-3841","page","type-page","status-publish","hentry"],"aioseo_notices":[],"_links":{"self":[{"href":"https:\/\/nabytek-leitl.cz\/index.php?rest_route=\/wp\/v2\/pages\/3841","targetHints":{"allow":["GET"]}}],"collection":[{"href":"https:\/\/nabytek-leitl.cz\/index.php?rest_route=\/wp\/v2\/pages"}],"about":[{"href":"https:\/\/nabytek-leitl.cz\/index.php?rest_route=\/wp\/v2\/types\/page"}],"author":[{"embeddable":true,"href":"https:\/\/nabytek-leitl.cz\/index.php?rest_route=\/wp\/v2\/users\/1"}],"replies":[{"embeddable":true,"href":"https:\/\/nabytek-leitl.cz\/index.php?rest_route=%2Fwp%2Fv2%2Fcomments&post=3841"}],"version-history":[{"count":6,"href":"https:\/\/nabytek-leitl.cz\/index.php?rest_route=\/wp\/v2\/pages\/3841\/revisions"}],"predecessor-version":[{"id":3861,"href":"https:\/\/nabytek-leitl.cz\/index.php?rest_route=\/wp\/v2\/pages\/3841\/revisions\/3861"}],"wp:attachment":[{"href":"https:\/\/nabytek-leitl.cz\/index.php?rest_route=%2Fwp%2Fv2%2Fmedia&parent=3841"}],"curies":[{"name":"wp","href":"https:\/\/api.w.org\/{rel}","templated":true}]}}