{"id":668,"date":"2016-03-11T17:01:25","date_gmt":"2016-03-11T16:01:25","guid":{"rendered":"http:\/\/nabytek-leitl.cz\/barvy-3\/"},"modified":"2024-03-01T13:12:57","modified_gmt":"2024-03-01T12:12:57","slug":"barvy-dreva","status":"publish","type":"page","link":"https:\/\/nabytek-leitl.cz\/?page_id=668","title":{"rendered":"Barvy d\u0159eva"},"content":{"rendered":"<h2>Katalog barvy d\u0159eva pro n\u00e1bytek z masivu<\/h2>\n<p>V katalogu <strong>Barvy d\u0159eva<\/strong> si m\u016f\u017eete vybrat barvu n\u00e1bytku, kter\u00fd v\u00e1m vyrob\u00edme na zak\u00e1zku. Po rozkliknut\u00ed n\u00e1hledu vzorku barvy d\u0159eva si zaznamenejte katalogov\u00e9 \u010d\u00edslo.<\/p>\n<p>D\u00e1le je mo\u017en\u00e9 si vybrat druh kov\u00e1n\u00ed v <strong><a href=\"http:\/\/nabytek-leitl.cz\/nabytkove-kovani\/\">Katalogu kov\u00e1n\u00ed<\/a><\/strong> a druh \u0159ezby pro n\u00e1bytek z masivu v <strong><a href=\"http:\/\/nabytek-leitl.cz\/rezby-nabytek-masiv\/\">Katalogu \u0159ezby<\/a><\/strong>.<\/p>\n<p>&nbsp;<\/p>\n\n\n<!-- index.php -->\n<div\n\tclass=\"ngg-galleryoverview\n\t ngg-ajax-pagination-none\t\"\n\tid=\"ngg-gallery-a8c2201d4378b812c2717b1788bdac02-1\">\n\n\t\t\t<!-- Thumbnails -->\n\t\t\t\t<div id=\"ngg-image-0\" class=\"ngg-gallery-thumbnail-box\" \n\t\t\t\t\t\t\t\t\t\t\t>\n\t\t\t\t\t\t<div class=\"ngg-gallery-thumbnail\">\n\t\t\t<a href=\"https:\/\/nabytek-leitl.cz\/wp-content\/gallery\/barvy\/barva-dreva_1-1.jpg\"\n\t\t\t\ttitle=\"\"\n\t\t\t\tdata-src=\"https:\/\/nabytek-leitl.cz\/wp-content\/gallery\/barvy\/barva-dreva_1-1.jpg\"\n\t\t\t\tdata-thumbnail=\"https:\/\/nabytek-leitl.cz\/wp-content\/gallery\/barvy\/thumbs\/thumbs-barva-dreva_1-1.jpg\"\n\t\t\t\tdata-image-id=\"97\"\n\t\t\t\tdata-title=\"barva-dreva_1-1\"\n\t\t\t\tdata-description=\"\"\n\t\t\t\tdata-image-slug=\"barva-dreva_1-1\"\n\t\t\t\tclass=\"ngg-simplelightbox\" rel=\"a8c2201d4378b812c2717b1788bdac02\">\n\t\t\t\t<img\n\t\t\t\t\ttitle=\"barva-dreva_1-1\"\n\t\t\t\t\talt=\"barva-dreva_1-1\"\n\t\t\t\t\tsrc=\"https:\/\/nabytek-leitl.cz\/wp-content\/gallery\/barvy\/thumbs\/thumbs-barva-dreva_1-1.jpg\"\n\t\t\t\t\twidth=\"240\"\n\t\t\t\t\theight=\"160\"\n\t\t\t\t\tstyle=\"max-width:100%;\"\n\t\t\t\t\/>\n\t\t\t<\/a>\n\t\t<\/div>\n\t\t\t\t\t\t\t<\/div> \n\t\t\t\n\t\t\n\t\t\t\t<div id=\"ngg-image-1\" class=\"ngg-gallery-thumbnail-box\" \n\t\t\t\t\t\t\t\t\t\t\t>\n\t\t\t\t\t\t<div class=\"ngg-gallery-thumbnail\">\n\t\t\t<a href=\"https:\/\/nabytek-leitl.cz\/wp-content\/gallery\/barvy\/barva-dreva_1-2.jpg\"\n\t\t\t\ttitle=\"\"\n\t\t\t\tdata-src=\"https:\/\/nabytek-leitl.cz\/wp-content\/gallery\/barvy\/barva-dreva_1-2.jpg\"\n\t\t\t\tdata-thumbnail=\"https:\/\/nabytek-leitl.cz\/wp-content\/gallery\/barvy\/thumbs\/thumbs-barva-dreva_1-2.jpg\"\n\t\t\t\tdata-image-id=\"98\"\n\t\t\t\tdata-title=\"barva-dreva_1-2\"\n\t\t\t\tdata-description=\"\"\n\t\t\t\tdata-image-slug=\"barva-dreva_1-2\"\n\t\t\t\tclass=\"ngg-simplelightbox\" rel=\"a8c2201d4378b812c2717b1788bdac02\">\n\t\t\t\t<img\n\t\t\t\t\ttitle=\"barva-dreva_1-2\"\n\t\t\t\t\talt=\"barva-dreva_1-2\"\n\t\t\t\t\tsrc=\"https:\/\/nabytek-leitl.cz\/wp-content\/gallery\/barvy\/thumbs\/thumbs-barva-dreva_1-2.jpg\"\n\t\t\t\t\twidth=\"240\"\n\t\t\t\t\theight=\"160\"\n\t\t\t\t\tstyle=\"max-width:100%;\"\n\t\t\t\t\/>\n\t\t\t<\/a>\n\t\t<\/div>\n\t\t\t\t\t\t\t<\/div> \n\t\t\t\n\t\t\n\t\t\t\t<div id=\"ngg-image-2\" class=\"ngg-gallery-thumbnail-box\" \n\t\t\t\t\t\t\t\t\t\t\t>\n\t\t\t\t\t\t<div class=\"ngg-gallery-thumbnail\">\n\t\t\t<a href=\"https:\/\/nabytek-leitl.cz\/wp-content\/gallery\/barvy\/barva-dreva_2-1.jpg\"\n\t\t\t\ttitle=\"\"\n\t\t\t\tdata-src=\"https:\/\/nabytek-leitl.cz\/wp-content\/gallery\/barvy\/barva-dreva_2-1.jpg\"\n\t\t\t\tdata-thumbnail=\"https:\/\/nabytek-leitl.cz\/wp-content\/gallery\/barvy\/thumbs\/thumbs-barva-dreva_2-1.jpg\"\n\t\t\t\tdata-image-id=\"99\"\n\t\t\t\tdata-title=\"barva-dreva_2-1\"\n\t\t\t\tdata-description=\"\"\n\t\t\t\tdata-image-slug=\"barva-dreva_2-1\"\n\t\t\t\tclass=\"ngg-simplelightbox\" rel=\"a8c2201d4378b812c2717b1788bdac02\">\n\t\t\t\t<img\n\t\t\t\t\ttitle=\"barva-dreva_2-1\"\n\t\t\t\t\talt=\"barva-dreva_2-1\"\n\t\t\t\t\tsrc=\"https:\/\/nabytek-leitl.cz\/wp-content\/gallery\/barvy\/thumbs\/thumbs-barva-dreva_2-1.jpg\"\n\t\t\t\t\twidth=\"240\"\n\t\t\t\t\theight=\"160\"\n\t\t\t\t\tstyle=\"max-width:100%;\"\n\t\t\t\t\/>\n\t\t\t<\/a>\n\t\t<\/div>\n\t\t\t\t\t\t\t<\/div> \n\t\t\t\n\t\t\n\t\t\t\t<div id=\"ngg-image-3\" class=\"ngg-gallery-thumbnail-box\" \n\t\t\t\t\t\t\t\t\t\t\t>\n\t\t\t\t\t\t<div class=\"ngg-gallery-thumbnail\">\n\t\t\t<a href=\"https:\/\/nabytek-leitl.cz\/wp-content\/gallery\/barvy\/barva-dreva_2-2.jpg\"\n\t\t\t\ttitle=\"\"\n\t\t\t\tdata-src=\"https:\/\/nabytek-leitl.cz\/wp-content\/gallery\/barvy\/barva-dreva_2-2.jpg\"\n\t\t\t\tdata-thumbnail=\"https:\/\/nabytek-leitl.cz\/wp-content\/gallery\/barvy\/thumbs\/thumbs-barva-dreva_2-2.jpg\"\n\t\t\t\tdata-image-id=\"100\"\n\t\t\t\tdata-title=\"barva-dreva_2-2\"\n\t\t\t\tdata-description=\"\"\n\t\t\t\tdata-image-slug=\"barva-dreva_2-2\"\n\t\t\t\tclass=\"ngg-simplelightbox\" rel=\"a8c2201d4378b812c2717b1788bdac02\">\n\t\t\t\t<img\n\t\t\t\t\ttitle=\"barva-dreva_2-2\"\n\t\t\t\t\talt=\"barva-dreva_2-2\"\n\t\t\t\t\tsrc=\"https:\/\/nabytek-leitl.cz\/wp-content\/gallery\/barvy\/thumbs\/thumbs-barva-dreva_2-2.jpg\"\n\t\t\t\t\twidth=\"240\"\n\t\t\t\t\theight=\"160\"\n\t\t\t\t\tstyle=\"max-width:100%;\"\n\t\t\t\t\/>\n\t\t\t<\/a>\n\t\t<\/div>\n\t\t\t\t\t\t\t<\/div> \n\t\t\t\n\t\t\n\t\t\t\t<div id=\"ngg-image-4\" class=\"ngg-gallery-thumbnail-box\" \n\t\t\t\t\t\t\t\t\t\t\t>\n\t\t\t\t\t\t<div class=\"ngg-gallery-thumbnail\">\n\t\t\t<a href=\"https:\/\/nabytek-leitl.cz\/wp-content\/gallery\/barvy\/barva-dreva_3-1.jpg\"\n\t\t\t\ttitle=\"\"\n\t\t\t\tdata-src=\"https:\/\/nabytek-leitl.cz\/wp-content\/gallery\/barvy\/barva-dreva_3-1.jpg\"\n\t\t\t\tdata-thumbnail=\"https:\/\/nabytek-leitl.cz\/wp-content\/gallery\/barvy\/thumbs\/thumbs-barva-dreva_3-1.jpg\"\n\t\t\t\tdata-image-id=\"101\"\n\t\t\t\tdata-title=\"barva-dreva_3-1\"\n\t\t\t\tdata-description=\"\"\n\t\t\t\tdata-image-slug=\"barva-dreva_3-1\"\n\t\t\t\tclass=\"ngg-simplelightbox\" rel=\"a8c2201d4378b812c2717b1788bdac02\">\n\t\t\t\t<img\n\t\t\t\t\ttitle=\"barva-dreva_3-1\"\n\t\t\t\t\talt=\"barva-dreva_3-1\"\n\t\t\t\t\tsrc=\"https:\/\/nabytek-leitl.cz\/wp-content\/gallery\/barvy\/thumbs\/thumbs-barva-dreva_3-1.jpg\"\n\t\t\t\t\twidth=\"240\"\n\t\t\t\t\theight=\"160\"\n\t\t\t\t\tstyle=\"max-width:100%;\"\n\t\t\t\t\/>\n\t\t\t<\/a>\n\t\t<\/div>\n\t\t\t\t\t\t\t<\/div> \n\t\t\t\n\t\t\n\t\t\t\t<div id=\"ngg-image-5\" class=\"ngg-gallery-thumbnail-box\" \n\t\t\t\t\t\t\t\t\t\t\t>\n\t\t\t\t\t\t<div class=\"ngg-gallery-thumbnail\">\n\t\t\t<a href=\"https:\/\/nabytek-leitl.cz\/wp-content\/gallery\/barvy\/barva-dreva_3-2.jpg\"\n\t\t\t\ttitle=\"\"\n\t\t\t\tdata-src=\"https:\/\/nabytek-leitl.cz\/wp-content\/gallery\/barvy\/barva-dreva_3-2.jpg\"\n\t\t\t\tdata-thumbnail=\"https:\/\/nabytek-leitl.cz\/wp-content\/gallery\/barvy\/thumbs\/thumbs-barva-dreva_3-2.jpg\"\n\t\t\t\tdata-image-id=\"102\"\n\t\t\t\tdata-title=\"barva-dreva_3-2\"\n\t\t\t\tdata-description=\"\"\n\t\t\t\tdata-image-slug=\"barva-dreva_3-2\"\n\t\t\t\tclass=\"ngg-simplelightbox\" rel=\"a8c2201d4378b812c2717b1788bdac02\">\n\t\t\t\t<img\n\t\t\t\t\ttitle=\"barva-dreva_3-2\"\n\t\t\t\t\talt=\"barva-dreva_3-2\"\n\t\t\t\t\tsrc=\"https:\/\/nabytek-leitl.cz\/wp-content\/gallery\/barvy\/thumbs\/thumbs-barva-dreva_3-2.jpg\"\n\t\t\t\t\twidth=\"240\"\n\t\t\t\t\theight=\"160\"\n\t\t\t\t\tstyle=\"max-width:100%;\"\n\t\t\t\t\/>\n\t\t\t<\/a>\n\t\t<\/div>\n\t\t\t\t\t\t\t<\/div> \n\t\t\t\n\t\t\n\t\t\t\t<div id=\"ngg-image-6\" class=\"ngg-gallery-thumbnail-box\" \n\t\t\t\t\t\t\t\t\t\t\t>\n\t\t\t\t\t\t<div class=\"ngg-gallery-thumbnail\">\n\t\t\t<a href=\"https:\/\/nabytek-leitl.cz\/wp-content\/gallery\/barvy\/barva-dreva_3-3.jpg\"\n\t\t\t\ttitle=\"\"\n\t\t\t\tdata-src=\"https:\/\/nabytek-leitl.cz\/wp-content\/gallery\/barvy\/barva-dreva_3-3.jpg\"\n\t\t\t\tdata-thumbnail=\"https:\/\/nabytek-leitl.cz\/wp-content\/gallery\/barvy\/thumbs\/thumbs-barva-dreva_3-3.jpg\"\n\t\t\t\tdata-image-id=\"103\"\n\t\t\t\tdata-title=\"barva-dreva_3-3\"\n\t\t\t\tdata-description=\"\"\n\t\t\t\tdata-image-slug=\"barva-dreva_3-3\"\n\t\t\t\tclass=\"ngg-simplelightbox\" rel=\"a8c2201d4378b812c2717b1788bdac02\">\n\t\t\t\t<img\n\t\t\t\t\ttitle=\"barva-dreva_3-3\"\n\t\t\t\t\talt=\"barva-dreva_3-3\"\n\t\t\t\t\tsrc=\"https:\/\/nabytek-leitl.cz\/wp-content\/gallery\/barvy\/thumbs\/thumbs-barva-dreva_3-3.jpg\"\n\t\t\t\t\twidth=\"240\"\n\t\t\t\t\theight=\"160\"\n\t\t\t\t\tstyle=\"max-width:100%;\"\n\t\t\t\t\/>\n\t\t\t<\/a>\n\t\t<\/div>\n\t\t\t\t\t\t\t<\/div> \n\t\t\t\n\t\t\n\t\t\t\t<div id=\"ngg-image-7\" class=\"ngg-gallery-thumbnail-box\" \n\t\t\t\t\t\t\t\t\t\t\t>\n\t\t\t\t\t\t<div class=\"ngg-gallery-thumbnail\">\n\t\t\t<a href=\"https:\/\/nabytek-leitl.cz\/wp-content\/gallery\/barvy\/barva-dreva_3-4.jpg\"\n\t\t\t\ttitle=\"\"\n\t\t\t\tdata-src=\"https:\/\/nabytek-leitl.cz\/wp-content\/gallery\/barvy\/barva-dreva_3-4.jpg\"\n\t\t\t\tdata-thumbnail=\"https:\/\/nabytek-leitl.cz\/wp-content\/gallery\/barvy\/thumbs\/thumbs-barva-dreva_3-4.jpg\"\n\t\t\t\tdata-image-id=\"104\"\n\t\t\t\tdata-title=\"barva-dreva_3-4\"\n\t\t\t\tdata-description=\"\"\n\t\t\t\tdata-image-slug=\"barva-dreva_3-4\"\n\t\t\t\tclass=\"ngg-simplelightbox\" rel=\"a8c2201d4378b812c2717b1788bdac02\">\n\t\t\t\t<img\n\t\t\t\t\ttitle=\"barva-dreva_3-4\"\n\t\t\t\t\talt=\"barva-dreva_3-4\"\n\t\t\t\t\tsrc=\"https:\/\/nabytek-leitl.cz\/wp-content\/gallery\/barvy\/thumbs\/thumbs-barva-dreva_3-4.jpg\"\n\t\t\t\t\twidth=\"240\"\n\t\t\t\t\theight=\"160\"\n\t\t\t\t\tstyle=\"max-width:100%;\"\n\t\t\t\t\/>\n\t\t\t<\/a>\n\t\t<\/div>\n\t\t\t\t\t\t\t<\/div> \n\t\t\t\n\t\t\n\t\t\t\t<div id=\"ngg-image-8\" class=\"ngg-gallery-thumbnail-box\" \n\t\t\t\t\t\t\t\t\t\t\t>\n\t\t\t\t\t\t<div class=\"ngg-gallery-thumbnail\">\n\t\t\t<a href=\"https:\/\/nabytek-leitl.cz\/wp-content\/gallery\/barvy\/barva-dreva_4-1.jpg\"\n\t\t\t\ttitle=\"\"\n\t\t\t\tdata-src=\"https:\/\/nabytek-leitl.cz\/wp-content\/gallery\/barvy\/barva-dreva_4-1.jpg\"\n\t\t\t\tdata-thumbnail=\"https:\/\/nabytek-leitl.cz\/wp-content\/gallery\/barvy\/thumbs\/thumbs-barva-dreva_4-1.jpg\"\n\t\t\t\tdata-image-id=\"105\"\n\t\t\t\tdata-title=\"barva-dreva_4-1\"\n\t\t\t\tdata-description=\"\"\n\t\t\t\tdata-image-slug=\"barva-dreva_4-1\"\n\t\t\t\tclass=\"ngg-simplelightbox\" rel=\"a8c2201d4378b812c2717b1788bdac02\">\n\t\t\t\t<img\n\t\t\t\t\ttitle=\"barva-dreva_4-1\"\n\t\t\t\t\talt=\"barva-dreva_4-1\"\n\t\t\t\t\tsrc=\"https:\/\/nabytek-leitl.cz\/wp-content\/gallery\/barvy\/thumbs\/thumbs-barva-dreva_4-1.jpg\"\n\t\t\t\t\twidth=\"240\"\n\t\t\t\t\theight=\"160\"\n\t\t\t\t\tstyle=\"max-width:100%;\"\n\t\t\t\t\/>\n\t\t\t<\/a>\n\t\t<\/div>\n\t\t\t\t\t\t\t<\/div> \n\t\t\t\n\t\t\n\t\t\t\t<div id=\"ngg-image-9\" class=\"ngg-gallery-thumbnail-box\" \n\t\t\t\t\t\t\t\t\t\t\t>\n\t\t\t\t\t\t<div class=\"ngg-gallery-thumbnail\">\n\t\t\t<a href=\"https:\/\/nabytek-leitl.cz\/wp-content\/gallery\/barvy\/barva-dreva_4-2.jpg\"\n\t\t\t\ttitle=\"\"\n\t\t\t\tdata-src=\"https:\/\/nabytek-leitl.cz\/wp-content\/gallery\/barvy\/barva-dreva_4-2.jpg\"\n\t\t\t\tdata-thumbnail=\"https:\/\/nabytek-leitl.cz\/wp-content\/gallery\/barvy\/thumbs\/thumbs-barva-dreva_4-2.jpg\"\n\t\t\t\tdata-image-id=\"106\"\n\t\t\t\tdata-title=\"barva-dreva_4-2\"\n\t\t\t\tdata-description=\"\"\n\t\t\t\tdata-image-slug=\"barva-dreva_4-2\"\n\t\t\t\tclass=\"ngg-simplelightbox\" rel=\"a8c2201d4378b812c2717b1788bdac02\">\n\t\t\t\t<img\n\t\t\t\t\ttitle=\"barva-dreva_4-2\"\n\t\t\t\t\talt=\"barva-dreva_4-2\"\n\t\t\t\t\tsrc=\"https:\/\/nabytek-leitl.cz\/wp-content\/gallery\/barvy\/thumbs\/thumbs-barva-dreva_4-2.jpg\"\n\t\t\t\t\twidth=\"240\"\n\t\t\t\t\theight=\"160\"\n\t\t\t\t\tstyle=\"max-width:100%;\"\n\t\t\t\t\/>\n\t\t\t<\/a>\n\t\t<\/div>\n\t\t\t\t\t\t\t<\/div> \n\t\t\t\n\t\t\n\t\t\t\t<div id=\"ngg-image-10\" class=\"ngg-gallery-thumbnail-box\" \n\t\t\t\t\t\t\t\t\t\t\t>\n\t\t\t\t\t\t<div class=\"ngg-gallery-thumbnail\">\n\t\t\t<a href=\"https:\/\/nabytek-leitl.cz\/wp-content\/gallery\/barvy\/barva-dreva_4-3.jpg\"\n\t\t\t\ttitle=\"\"\n\t\t\t\tdata-src=\"https:\/\/nabytek-leitl.cz\/wp-content\/gallery\/barvy\/barva-dreva_4-3.jpg\"\n\t\t\t\tdata-thumbnail=\"https:\/\/nabytek-leitl.cz\/wp-content\/gallery\/barvy\/thumbs\/thumbs-barva-dreva_4-3.jpg\"\n\t\t\t\tdata-image-id=\"107\"\n\t\t\t\tdata-title=\"barva-dreva_4-3\"\n\t\t\t\tdata-description=\"\"\n\t\t\t\tdata-image-slug=\"barva-dreva_4-3\"\n\t\t\t\tclass=\"ngg-simplelightbox\" rel=\"a8c2201d4378b812c2717b1788bdac02\">\n\t\t\t\t<img\n\t\t\t\t\ttitle=\"barva-dreva_4-3\"\n\t\t\t\t\talt=\"barva-dreva_4-3\"\n\t\t\t\t\tsrc=\"https:\/\/nabytek-leitl.cz\/wp-content\/gallery\/barvy\/thumbs\/thumbs-barva-dreva_4-3.jpg\"\n\t\t\t\t\twidth=\"240\"\n\t\t\t\t\theight=\"160\"\n\t\t\t\t\tstyle=\"max-width:100%;\"\n\t\t\t\t\/>\n\t\t\t<\/a>\n\t\t<\/div>\n\t\t\t\t\t\t\t<\/div> \n\t\t\t\n\t\t\n\t\t\t\t<div id=\"ngg-image-11\" class=\"ngg-gallery-thumbnail-box\" \n\t\t\t\t\t\t\t\t\t\t\t>\n\t\t\t\t\t\t<div class=\"ngg-gallery-thumbnail\">\n\t\t\t<a href=\"https:\/\/nabytek-leitl.cz\/wp-content\/gallery\/barvy\/barva-dreva_5-1.jpg\"\n\t\t\t\ttitle=\"\"\n\t\t\t\tdata-src=\"https:\/\/nabytek-leitl.cz\/wp-content\/gallery\/barvy\/barva-dreva_5-1.jpg\"\n\t\t\t\tdata-thumbnail=\"https:\/\/nabytek-leitl.cz\/wp-content\/gallery\/barvy\/thumbs\/thumbs-barva-dreva_5-1.jpg\"\n\t\t\t\tdata-image-id=\"108\"\n\t\t\t\tdata-title=\"barva-dreva_5-1\"\n\t\t\t\tdata-description=\"\"\n\t\t\t\tdata-image-slug=\"barva-dreva_5-1\"\n\t\t\t\tclass=\"ngg-simplelightbox\" rel=\"a8c2201d4378b812c2717b1788bdac02\">\n\t\t\t\t<img\n\t\t\t\t\ttitle=\"barva-dreva_5-1\"\n\t\t\t\t\talt=\"barva-dreva_5-1\"\n\t\t\t\t\tsrc=\"https:\/\/nabytek-leitl.cz\/wp-content\/gallery\/barvy\/thumbs\/thumbs-barva-dreva_5-1.jpg\"\n\t\t\t\t\twidth=\"240\"\n\t\t\t\t\theight=\"160\"\n\t\t\t\t\tstyle=\"max-width:100%;\"\n\t\t\t\t\/>\n\t\t\t<\/a>\n\t\t<\/div>\n\t\t\t\t\t\t\t<\/div> \n\t\t\t\n\t\t\n\t\t\t\t<div id=\"ngg-image-12\" class=\"ngg-gallery-thumbnail-box\" \n\t\t\t\t\t\t\t\t\t\t\t>\n\t\t\t\t\t\t<div class=\"ngg-gallery-thumbnail\">\n\t\t\t<a href=\"https:\/\/nabytek-leitl.cz\/wp-content\/gallery\/barvy\/barva-dreva_5-2.jpg\"\n\t\t\t\ttitle=\"\"\n\t\t\t\tdata-src=\"https:\/\/nabytek-leitl.cz\/wp-content\/gallery\/barvy\/barva-dreva_5-2.jpg\"\n\t\t\t\tdata-thumbnail=\"https:\/\/nabytek-leitl.cz\/wp-content\/gallery\/barvy\/thumbs\/thumbs-barva-dreva_5-2.jpg\"\n\t\t\t\tdata-image-id=\"109\"\n\t\t\t\tdata-title=\"barva-dreva_5-2\"\n\t\t\t\tdata-description=\"\"\n\t\t\t\tdata-image-slug=\"barva-dreva_5-2\"\n\t\t\t\tclass=\"ngg-simplelightbox\" rel=\"a8c2201d4378b812c2717b1788bdac02\">\n\t\t\t\t<img\n\t\t\t\t\ttitle=\"barva-dreva_5-2\"\n\t\t\t\t\talt=\"barva-dreva_5-2\"\n\t\t\t\t\tsrc=\"https:\/\/nabytek-leitl.cz\/wp-content\/gallery\/barvy\/thumbs\/thumbs-barva-dreva_5-2.jpg\"\n\t\t\t\t\twidth=\"240\"\n\t\t\t\t\theight=\"160\"\n\t\t\t\t\tstyle=\"max-width:100%;\"\n\t\t\t\t\/>\n\t\t\t<\/a>\n\t\t<\/div>\n\t\t\t\t\t\t\t<\/div> \n\t\t\t\n\t\t\n\t\t\t\t<div id=\"ngg-image-13\" class=\"ngg-gallery-thumbnail-box\" \n\t\t\t\t\t\t\t\t\t\t\t>\n\t\t\t\t\t\t<div class=\"ngg-gallery-thumbnail\">\n\t\t\t<a href=\"https:\/\/nabytek-leitl.cz\/wp-content\/gallery\/barvy\/barva-dreva_6-1.jpg\"\n\t\t\t\ttitle=\"\"\n\t\t\t\tdata-src=\"https:\/\/nabytek-leitl.cz\/wp-content\/gallery\/barvy\/barva-dreva_6-1.jpg\"\n\t\t\t\tdata-thumbnail=\"https:\/\/nabytek-leitl.cz\/wp-content\/gallery\/barvy\/thumbs\/thumbs-barva-dreva_6-1.jpg\"\n\t\t\t\tdata-image-id=\"110\"\n\t\t\t\tdata-title=\"barva-dreva_6-1\"\n\t\t\t\tdata-description=\"\"\n\t\t\t\tdata-image-slug=\"barva-dreva_6-1\"\n\t\t\t\tclass=\"ngg-simplelightbox\" rel=\"a8c2201d4378b812c2717b1788bdac02\">\n\t\t\t\t<img\n\t\t\t\t\ttitle=\"barva-dreva_6-1\"\n\t\t\t\t\talt=\"barva-dreva_6-1\"\n\t\t\t\t\tsrc=\"https:\/\/nabytek-leitl.cz\/wp-content\/gallery\/barvy\/thumbs\/thumbs-barva-dreva_6-1.jpg\"\n\t\t\t\t\twidth=\"240\"\n\t\t\t\t\theight=\"160\"\n\t\t\t\t\tstyle=\"max-width:100%;\"\n\t\t\t\t\/>\n\t\t\t<\/a>\n\t\t<\/div>\n\t\t\t\t\t\t\t<\/div> \n\t\t\t\n\t\t\n\t\t\t\t<div id=\"ngg-image-14\" class=\"ngg-gallery-thumbnail-box\" \n\t\t\t\t\t\t\t\t\t\t\t>\n\t\t\t\t\t\t<div class=\"ngg-gallery-thumbnail\">\n\t\t\t<a href=\"https:\/\/nabytek-leitl.cz\/wp-content\/gallery\/barvy\/barva-dreva_7-1.jpg\"\n\t\t\t\ttitle=\"\"\n\t\t\t\tdata-src=\"https:\/\/nabytek-leitl.cz\/wp-content\/gallery\/barvy\/barva-dreva_7-1.jpg\"\n\t\t\t\tdata-thumbnail=\"https:\/\/nabytek-leitl.cz\/wp-content\/gallery\/barvy\/thumbs\/thumbs-barva-dreva_7-1.jpg\"\n\t\t\t\tdata-image-id=\"111\"\n\t\t\t\tdata-title=\"barva-dreva_7-1\"\n\t\t\t\tdata-description=\"\"\n\t\t\t\tdata-image-slug=\"barva-dreva_7-1\"\n\t\t\t\tclass=\"ngg-simplelightbox\" rel=\"a8c2201d4378b812c2717b1788bdac02\">\n\t\t\t\t<img\n\t\t\t\t\ttitle=\"barva-dreva_7-1\"\n\t\t\t\t\talt=\"barva-dreva_7-1\"\n\t\t\t\t\tsrc=\"https:\/\/nabytek-leitl.cz\/wp-content\/gallery\/barvy\/thumbs\/thumbs-barva-dreva_7-1.jpg\"\n\t\t\t\t\twidth=\"240\"\n\t\t\t\t\theight=\"160\"\n\t\t\t\t\tstyle=\"max-width:100%;\"\n\t\t\t\t\/>\n\t\t\t<\/a>\n\t\t<\/div>\n\t\t\t\t\t\t\t<\/div> \n\t\t\t\n\t\t\n\t\t\t\t<div id=\"ngg-image-15\" class=\"ngg-gallery-thumbnail-box\" \n\t\t\t\t\t\t\t\t\t\t\t>\n\t\t\t\t\t\t<div class=\"ngg-gallery-thumbnail\">\n\t\t\t<a href=\"https:\/\/nabytek-leitl.cz\/wp-content\/gallery\/barvy\/barva-dreva_8-1.jpg\"\n\t\t\t\ttitle=\"\"\n\t\t\t\tdata-src=\"https:\/\/nabytek-leitl.cz\/wp-content\/gallery\/barvy\/barva-dreva_8-1.jpg\"\n\t\t\t\tdata-thumbnail=\"https:\/\/nabytek-leitl.cz\/wp-content\/gallery\/barvy\/thumbs\/thumbs-barva-dreva_8-1.jpg\"\n\t\t\t\tdata-image-id=\"112\"\n\t\t\t\tdata-title=\"barva-dreva_8-1\"\n\t\t\t\tdata-description=\"\"\n\t\t\t\tdata-image-slug=\"barva-dreva_8-1\"\n\t\t\t\tclass=\"ngg-simplelightbox\" rel=\"a8c2201d4378b812c2717b1788bdac02\">\n\t\t\t\t<img\n\t\t\t\t\ttitle=\"barva-dreva_8-1\"\n\t\t\t\t\talt=\"barva-dreva_8-1\"\n\t\t\t\t\tsrc=\"https:\/\/nabytek-leitl.cz\/wp-content\/gallery\/barvy\/thumbs\/thumbs-barva-dreva_8-1.jpg\"\n\t\t\t\t\twidth=\"240\"\n\t\t\t\t\theight=\"160\"\n\t\t\t\t\tstyle=\"max-width:100%;\"\n\t\t\t\t\/>\n\t\t\t<\/a>\n\t\t<\/div>\n\t\t\t\t\t\t\t<\/div> \n\t\t\t\n\t\t\n\t\t\t\t<div id=\"ngg-image-16\" class=\"ngg-gallery-thumbnail-box\" \n\t\t\t\t\t\t\t\t\t\t\t>\n\t\t\t\t\t\t<div class=\"ngg-gallery-thumbnail\">\n\t\t\t<a href=\"https:\/\/nabytek-leitl.cz\/wp-content\/gallery\/barvy\/barva-dreva_8-2.jpg\"\n\t\t\t\ttitle=\"\"\n\t\t\t\tdata-src=\"https:\/\/nabytek-leitl.cz\/wp-content\/gallery\/barvy\/barva-dreva_8-2.jpg\"\n\t\t\t\tdata-thumbnail=\"https:\/\/nabytek-leitl.cz\/wp-content\/gallery\/barvy\/thumbs\/thumbs-barva-dreva_8-2.jpg\"\n\t\t\t\tdata-image-id=\"113\"\n\t\t\t\tdata-title=\"barva-dreva_8-2\"\n\t\t\t\tdata-description=\"\"\n\t\t\t\tdata-image-slug=\"barva-dreva_8-2\"\n\t\t\t\tclass=\"ngg-simplelightbox\" rel=\"a8c2201d4378b812c2717b1788bdac02\">\n\t\t\t\t<img\n\t\t\t\t\ttitle=\"barva-dreva_8-2\"\n\t\t\t\t\talt=\"barva-dreva_8-2\"\n\t\t\t\t\tsrc=\"https:\/\/nabytek-leitl.cz\/wp-content\/gallery\/barvy\/thumbs\/thumbs-barva-dreva_8-2.jpg\"\n\t\t\t\t\twidth=\"240\"\n\t\t\t\t\theight=\"160\"\n\t\t\t\t\tstyle=\"max-width:100%;\"\n\t\t\t\t\/>\n\t\t\t<\/a>\n\t\t<\/div>\n\t\t\t\t\t\t\t<\/div> \n\t\t\t\n\t\t\n\t\t\t\t<div id=\"ngg-image-17\" class=\"ngg-gallery-thumbnail-box\" \n\t\t\t\t\t\t\t\t\t\t\t>\n\t\t\t\t\t\t<div class=\"ngg-gallery-thumbnail\">\n\t\t\t<a href=\"https:\/\/nabytek-leitl.cz\/wp-content\/gallery\/barvy\/barva-dreva_9-1.jpg\"\n\t\t\t\ttitle=\"\"\n\t\t\t\tdata-src=\"https:\/\/nabytek-leitl.cz\/wp-content\/gallery\/barvy\/barva-dreva_9-1.jpg\"\n\t\t\t\tdata-thumbnail=\"https:\/\/nabytek-leitl.cz\/wp-content\/gallery\/barvy\/thumbs\/thumbs-barva-dreva_9-1.jpg\"\n\t\t\t\tdata-image-id=\"114\"\n\t\t\t\tdata-title=\"barva-dreva_9-1\"\n\t\t\t\tdata-description=\"\"\n\t\t\t\tdata-image-slug=\"barva-dreva_9-1\"\n\t\t\t\tclass=\"ngg-simplelightbox\" rel=\"a8c2201d4378b812c2717b1788bdac02\">\n\t\t\t\t<img\n\t\t\t\t\ttitle=\"barva-dreva_9-1\"\n\t\t\t\t\talt=\"barva-dreva_9-1\"\n\t\t\t\t\tsrc=\"https:\/\/nabytek-leitl.cz\/wp-content\/gallery\/barvy\/thumbs\/thumbs-barva-dreva_9-1.jpg\"\n\t\t\t\t\twidth=\"240\"\n\t\t\t\t\theight=\"160\"\n\t\t\t\t\tstyle=\"max-width:100%;\"\n\t\t\t\t\/>\n\t\t\t<\/a>\n\t\t<\/div>\n\t\t\t\t\t\t\t<\/div> \n\t\t\t\n\t\t\n\t\t\t\t<div id=\"ngg-image-18\" class=\"ngg-gallery-thumbnail-box\" \n\t\t\t\t\t\t\t\t\t\t\t>\n\t\t\t\t\t\t<div class=\"ngg-gallery-thumbnail\">\n\t\t\t<a href=\"https:\/\/nabytek-leitl.cz\/wp-content\/gallery\/barvy\/barva-dreva_9-2.jpg\"\n\t\t\t\ttitle=\"\"\n\t\t\t\tdata-src=\"https:\/\/nabytek-leitl.cz\/wp-content\/gallery\/barvy\/barva-dreva_9-2.jpg\"\n\t\t\t\tdata-thumbnail=\"https:\/\/nabytek-leitl.cz\/wp-content\/gallery\/barvy\/thumbs\/thumbs-barva-dreva_9-2.jpg\"\n\t\t\t\tdata-image-id=\"115\"\n\t\t\t\tdata-title=\"barva-dreva_9-2\"\n\t\t\t\tdata-description=\"\"\n\t\t\t\tdata-image-slug=\"barva-dreva_9-2\"\n\t\t\t\tclass=\"ngg-simplelightbox\" rel=\"a8c2201d4378b812c2717b1788bdac02\">\n\t\t\t\t<img\n\t\t\t\t\ttitle=\"barva-dreva_9-2\"\n\t\t\t\t\talt=\"barva-dreva_9-2\"\n\t\t\t\t\tsrc=\"https:\/\/nabytek-leitl.cz\/wp-content\/gallery\/barvy\/thumbs\/thumbs-barva-dreva_9-2.jpg\"\n\t\t\t\t\twidth=\"240\"\n\t\t\t\t\theight=\"160\"\n\t\t\t\t\tstyle=\"max-width:100%;\"\n\t\t\t\t\/>\n\t\t\t<\/a>\n\t\t<\/div>\n\t\t\t\t\t\t\t<\/div> \n\t\t\t\n\t\t\n\t\t\t\t<div id=\"ngg-image-19\" class=\"ngg-gallery-thumbnail-box\" \n\t\t\t\t\t\t\t\t\t\t\t>\n\t\t\t\t\t\t<div class=\"ngg-gallery-thumbnail\">\n\t\t\t<a href=\"https:\/\/nabytek-leitl.cz\/wp-content\/gallery\/barvy\/barva-dreva_10-1.jpg\"\n\t\t\t\ttitle=\"\"\n\t\t\t\tdata-src=\"https:\/\/nabytek-leitl.cz\/wp-content\/gallery\/barvy\/barva-dreva_10-1.jpg\"\n\t\t\t\tdata-thumbnail=\"https:\/\/nabytek-leitl.cz\/wp-content\/gallery\/barvy\/thumbs\/thumbs-barva-dreva_10-1.jpg\"\n\t\t\t\tdata-image-id=\"116\"\n\t\t\t\tdata-title=\"barva-dreva_10-1\"\n\t\t\t\tdata-description=\"\"\n\t\t\t\tdata-image-slug=\"barva-dreva_10-1\"\n\t\t\t\tclass=\"ngg-simplelightbox\" rel=\"a8c2201d4378b812c2717b1788bdac02\">\n\t\t\t\t<img\n\t\t\t\t\ttitle=\"barva-dreva_10-1\"\n\t\t\t\t\talt=\"barva-dreva_10-1\"\n\t\t\t\t\tsrc=\"https:\/\/nabytek-leitl.cz\/wp-content\/gallery\/barvy\/thumbs\/thumbs-barva-dreva_10-1.jpg\"\n\t\t\t\t\twidth=\"240\"\n\t\t\t\t\theight=\"160\"\n\t\t\t\t\tstyle=\"max-width:100%;\"\n\t\t\t\t\/>\n\t\t\t<\/a>\n\t\t<\/div>\n\t\t\t\t\t\t\t<\/div> \n\t\t\t\n\t\t\n\t\t\n\t\t<!-- Pagination -->\n\t\t<div class='ngg-navigation'><span class='current'>1<\/span>\n<a class='page-numbers' data-pageid='2' href='https:\/\/nabytek-leitl.cz\/index.php\/nggallery\/page\/2?page_id=668'>2<\/a>\n<a class='page-numbers' data-pageid='3' href='https:\/\/nabytek-leitl.cz\/index.php\/nggallery\/page\/3?page_id=668'>3<\/a>\n<a class='prev' href='https:\/\/nabytek-leitl.cz\/index.php\/nggallery\/page\/2?page_id=668' data-pageid=2>&#9658;<\/a><\/div>\t<\/div>\n\n","protected":false},"excerpt":{"rendered":"<p>Katalog barvy d\u0159eva pro n\u00e1bytek z masivu V katalogu Barvy d\u0159eva si m\u016f\u017eete vybrat barvu n\u00e1bytku, kter\u00fd v\u00e1m vyrob\u00edme na [&hellip;]<\/p>\n","protected":false},"author":1,"featured_media":0,"parent":0,"menu_order":9,"comment_status":"closed","ping_status":"open","template":"","meta":{"site-sidebar-layout":"default","site-content-layout":"","ast-site-content-layout":"","site-content-style":"default","site-sidebar-style":"default","ast-global-header-display":"","ast-banner-title-visibility":"","ast-main-header-display":"","ast-hfb-above-header-display":"","ast-hfb-below-header-display":"","ast-hfb-mobile-header-display":"","site-post-title":"","ast-breadcrumbs-content":"","ast-featured-img":"","footer-sml-layout":"","theme-transparent-header-meta":"","adv-header-id-meta":"","stick-header-meta":"","header-above-stick-meta":"","header-main-stick-meta":"","header-below-stick-meta":"","astra-migrate-meta-layouts":"default","ast-page-background-enabled":"default","ast-page-background-meta":{"desktop":{"background-color":"var(--ast-global-color-4)","background-image":"","background-repeat":"repeat","background-position":"center center","background-size":"auto","background-attachment":"scroll","background-type":"","background-media":"","overlay-type":"","overlay-color":"","overlay-gradient":""},"tablet":{"background-color":"","background-image":"","background-repeat":"repeat","background-position":"center center","background-size":"auto","background-attachment":"scroll","background-type":"","background-media":"","overlay-type":"","overlay-color":"","overlay-gradient":""},"mobile":{"background-color":"","background-image":"","background-repeat":"repeat","background-position":"center center","background-size":"auto","background-attachment":"scroll","background-type":"","background-media":"","overlay-type":"","overlay-color":"","overlay-gradient":""}},"ast-content-background-meta":{"desktop":{"background-color":"var(--ast-global-color-5)","background-image":"","background-repeat":"repeat","background-position":"center center","background-size":"auto","background-attachment":"scroll","background-type":"","background-media":"","overlay-type":"","overlay-color":"","overlay-gradient":""},"tablet":{"background-color":"var(--ast-global-color-5)","background-image":"","background-repeat":"repeat","background-position":"center center","background-size":"auto","background-attachment":"scroll","background-type":"","background-media":"","overlay-type":"","overlay-color":"","overlay-gradient":""},"mobile":{"background-color":"var(--ast-global-color-5)","background-image":"","background-repeat":"repeat","background-position":"center center","background-size":"auto","background-attachment":"scroll","background-type":"","background-media":"","overlay-type":"","overlay-color":"","overlay-gradient":""}},"ngg_post_thumbnail":0,"footnotes":""},"class_list":["post-668","page","type-page","status-publish","hentry"],"aioseo_notices":[],"_links":{"self":[{"href":"https:\/\/nabytek-leitl.cz\/index.php?rest_route=\/wp\/v2\/pages\/668","targetHints":{"allow":["GET"]}}],"collection":[{"href":"https:\/\/nabytek-leitl.cz\/index.php?rest_route=\/wp\/v2\/pages"}],"about":[{"href":"https:\/\/nabytek-leitl.cz\/index.php?rest_route=\/wp\/v2\/types\/page"}],"author":[{"embeddable":true,"href":"https:\/\/nabytek-leitl.cz\/index.php?rest_route=\/wp\/v2\/users\/1"}],"replies":[{"embeddable":true,"href":"https:\/\/nabytek-leitl.cz\/index.php?rest_route=%2Fwp%2Fv2%2Fcomments&post=668"}],"version-history":[{"count":3,"href":"https:\/\/nabytek-leitl.cz\/index.php?rest_route=\/wp\/v2\/pages\/668\/revisions"}],"predecessor-version":[{"id":3655,"href":"https:\/\/nabytek-leitl.cz\/index.php?rest_route=\/wp\/v2\/pages\/668\/revisions\/3655"}],"wp:attachment":[{"href":"https:\/\/nabytek-leitl.cz\/index.php?rest_route=%2Fwp%2Fv2%2Fmedia&parent=668"}],"curies":[{"name":"wp","href":"https:\/\/api.w.org\/{rel}","templated":true}]}}