{"id":3283,"date":"2017-02-21T14:20:09","date_gmt":"2017-02-21T13:20:09","guid":{"rendered":"http:\/\/nabytek-leitl.cz\/?post_type=product&amp;p=1562"},"modified":"2017-02-21T14:20:09","modified_gmt":"2017-02-21T13:20:09","slug":"postel-1848","status":"publish","type":"product","link":"https:\/\/nabytek-leitl.cz\/?product=postel-1848","title":{"rendered":"Postel &#8211; 1848"},"content":{"rendered":"","protected":false},"excerpt":{"rendered":"<h2>Postel<\/h2>\n<p>v\u00fd\u0161ka: 90 cm<\/p>\n<p>\u0161\u00ed\u0159ka: 210 cm<\/p>\n<p>hloubka: 97 cm<\/p>\n<p>&nbsp;<\/p>\n","protected":false},"featured_media":2856,"template":"","meta":{"site-sidebar-layout":"default","site-content-layout":"","ast-site-content-layout":"","site-content-style":"default","site-sidebar-style":"default","ast-global-header-display":"","ast-banner-title-visibility":"","ast-main-header-display":"","ast-hfb-above-header-display":"","ast-hfb-below-header-display":"","ast-hfb-mobile-header-display":"","site-post-title":"","ast-breadcrumbs-content":"","ast-featured-img":"","footer-sml-layout":"","theme-transparent-header-meta":"","adv-header-id-meta":"","stick-header-meta":"","header-above-stick-meta":"","header-main-stick-meta":"","header-below-stick-meta":"","astra-migrate-meta-layouts":"default","ast-page-background-enabled":"default","ast-page-background-meta":{"desktop":{"background-color":"var(--ast-global-color-4)","background-image":"","background-repeat":"repeat","background-position":"center center","background-size":"auto","background-attachment":"scroll","background-type":"","background-media":"","overlay-type":"","overlay-color":"","overlay-gradient":""},"tablet":{"background-color":"","background-image":"","background-repeat":"repeat","background-position":"center center","background-size":"auto","background-attachment":"scroll","background-type":"","background-media":"","overlay-type":"","overlay-color":"","overlay-gradient":""},"mobile":{"background-color":"","background-image":"","background-repeat":"repeat","background-position":"center center","background-size":"auto","background-attachment":"scroll","background-type":"","background-media":"","overlay-type":"","overlay-color":"","overlay-gradient":""}},"ast-content-background-meta":{"desktop":{"background-color":"var(--ast-global-color-5)","background-image":"","background-repeat":"repeat","background-position":"center center","background-size":"auto","background-attachment":"scroll","background-type":"","background-media":"","overlay-type":"","overlay-color":"","overlay-gradient":""},"tablet":{"background-color":"var(--ast-global-color-5)","background-image":"","background-repeat":"repeat","background-position":"center center","background-size":"auto","background-attachment":"scroll","background-type":"","background-media":"","overlay-type":"","overlay-color":"","overlay-gradient":""},"mobile":{"background-color":"var(--ast-global-color-5)","background-image":"","background-repeat":"repeat","background-position":"center center","background-size":"auto","background-attachment":"scroll","background-type":"","background-media":"","overlay-type":"","overlay-color":"","overlay-gradient":""}},"ngg_post_thumbnail":0},"product_cat":[44],"product_tag":[45,46,47],"class_list":{"0":"post-3283","1":"product","2":"type-product","3":"status-publish","4":"has-post-thumbnail","6":"product_cat-postele","7":"product_tag-postel","8":"product_tag-postel-z-masivu","9":"product_tag-postel-z-prirodniho-dreva","10":"desktop-align-center","11":"tablet-align-left","12":"mobile-align-left","14":"first","15":"instock","16":"shipping-taxable","17":"purchasable","18":"product-type-simple"},"aioseo_notices":[],"_links":{"self":[{"href":"https:\/\/nabytek-leitl.cz\/index.php?rest_route=\/wp\/v2\/product\/3283","targetHints":{"allow":["GET"]}}],"collection":[{"href":"https:\/\/nabytek-leitl.cz\/index.php?rest_route=\/wp\/v2\/product"}],"about":[{"href":"https:\/\/nabytek-leitl.cz\/index.php?rest_route=\/wp\/v2\/types\/product"}],"wp:featuredmedia":[{"embeddable":true,"href":"https:\/\/nabytek-leitl.cz\/index.php?rest_route=\/wp\/v2\/media\/2856"}],"wp:attachment":[{"href":"https:\/\/nabytek-leitl.cz\/index.php?rest_route=%2Fwp%2Fv2%2Fmedia&parent=3283"}],"wp:term":[{"taxonomy":"product_cat","embeddable":true,"href":"https:\/\/nabytek-leitl.cz\/index.php?rest_route=%2Fwp%2Fv2%2Fproduct_cat&post=3283"},{"taxonomy":"product_tag","embeddable":true,"href":"https:\/\/nabytek-leitl.cz\/index.php?rest_route=%2Fwp%2Fv2%2Fproduct_tag&post=3283"}],"curies":[{"name":"wp","href":"https:\/\/api.w.org\/{rel}","templated":true}]}}